{"id":1352,"date":"2015-09-09T21:50:15","date_gmt":"2015-09-09T20:50:15","guid":{"rendered":"http:\/\/obsdoc.ca\/?page_id=1352&#038;lang=en"},"modified":"2024-12-19T17:25:23","modified_gmt":"2024-12-19T22:25:23","slug":"accueil","status":"publish","type":"page","link":"https:\/\/obsdoc.ca\/en\/","title":{"rendered":"About The Documentary Network"},"content":{"rendered":"\n<p class=\"\">The Documentary Network, created in 2003 under the auspices of the <a href=\"https:\/\/ridm.ca\/en\" target=\"_blank\" rel=\"noreferrer noopener\">Rencontres internationales du documentaire de Montr\u00e9al<\/a> (RIDM), serves as an umbrella organization for major professional audiovisual associations as well as institutions, broadcasters and distributors working in the documentary field in Quebec and Canada.<\/p>\n\n\n\n<h2 class=\"wp-block-heading\" id=\"mission\">Mission<\/h2>\n\n\n\n<p class=\"\">The Documentary Network aims to provide space for reflection, gathering together and dialogue, allowing documentary production to maintain its rightful place on all broadcast platforms.<\/p>\n\n\n\n<p class=\"\">The Network ensures that the documentary fully assumes its fundamental role in the defence of democracy, tolerance and open-mindedness. It encourages speaking out and public debate, sparked by documentary productions that cover social issues, aspirations and values.<\/p>\n\n\n\n<h2 class=\"wp-block-heading\" id=\"objectifs\">Mandate<\/h2>\n\n\n\n<ul class=\"wp-block-list\">\n<li class=\"\">To encourage joint action within the documentary community around its mandate.<\/li>\n\n\n\n<li class=\"\">To initiate research projects on questions relevant to documentary..<\/li>\n\n\n\n<li class=\"\">To ensure that information is circulated.<\/li>\n\n\n\n<li class=\"\">To represent and advance the interests of POV documentary before the decision-making bodies.<\/li>\n<\/ul>\n\n\n\n<h2 class=\"wp-block-heading\" id=\"members\">Members<\/h2>\n\n\n\n<div class=\"wp-block-group is-layout-grid wp-container-core-group-is-layout-446d2d93 wp-block-group-is-layout-grid\">\n<figure class=\"wp-block-image size-full\"><a href=\"https:\/\/obsdoc.ca\/wp-content\/uploads\/2023\/08\/membres-inis.jpg\"><img loading=\"lazy\" decoding=\"async\" width=\"388\" height=\"388\" src=\"https:\/\/obsdoc.ca\/wp-content\/uploads\/2023\/08\/membres-inis.jpg\" alt=\"L'INIS\" class=\"wp-image-2384\" srcset=\"https:\/\/obsdoc.ca\/wp-content\/uploads\/2023\/08\/membres-inis.jpg 388w, https:\/\/obsdoc.ca\/wp-content\/uploads\/2023\/08\/membres-inis-300x300.jpg 300w, https:\/\/obsdoc.ca\/wp-content\/uploads\/2023\/08\/membres-inis-150x150.jpg 150w\" sizes=\"auto, (max-width: 388px) 100vw, 388px\" \/><\/a><figcaption class=\"wp-element-caption\">L&#8217;INIS<\/figcaption><\/figure>\n\n\n\n<figure class=\"wp-block-image size-full\"><a href=\"https:\/\/uppcq.com\" target=\"_blank\" rel=\" noreferrer noopener\"><img loading=\"lazy\" decoding=\"async\" width=\"600\" height=\"600\" src=\"https:\/\/obsdoc.ca\/wp-content\/uploads\/2022\/11\/upcq-logo.jpg\" alt=\"UPPCQ\" class=\"wp-image-2027\" srcset=\"https:\/\/obsdoc.ca\/wp-content\/uploads\/2022\/11\/upcq-logo.jpg 600w, https:\/\/obsdoc.ca\/wp-content\/uploads\/2022\/11\/upcq-logo-300x300.jpg 300w, https:\/\/obsdoc.ca\/wp-content\/uploads\/2022\/11\/upcq-logo-150x150.jpg 150w, https:\/\/obsdoc.ca\/wp-content\/uploads\/2022\/11\/upcq-logo-390x390.jpg 390w\" sizes=\"auto, (max-width: 600px) 100vw, 600px\" \/><\/a><figcaption class=\"wp-element-caption\">UPPCQ<\/figcaption><\/figure>\n\n\n\n<figure class=\"wp-block-image size-full\"><a href=\"http:\/\/apfc.info\" target=\"_blank\" rel=\" noreferrer noopener\"><img loading=\"lazy\" decoding=\"async\" width=\"390\" height=\"390\" src=\"https:\/\/obsdoc.ca\/wp-content\/uploads\/2015\/09\/membres-apfc.png\" alt=\"APFC\" class=\"wp-image-222\" srcset=\"https:\/\/obsdoc.ca\/wp-content\/uploads\/2015\/09\/membres-apfc.png 390w, https:\/\/obsdoc.ca\/wp-content\/uploads\/2015\/09\/membres-apfc-150x150.png 150w, https:\/\/obsdoc.ca\/wp-content\/uploads\/2015\/09\/membres-apfc-300x300.png 300w\" sizes=\"auto, (max-width: 390px) 100vw, 390px\" \/><\/a><figcaption class=\"wp-element-caption\">APFC<\/figcaption><\/figure>\n\n\n\n<figure class=\"wp-block-image size-full\"><a href=\"https:\/\/www.aqpm.ca\" target=\"_blank\" rel=\" noreferrer noopener\"><img loading=\"lazy\" decoding=\"async\" width=\"390\" height=\"390\" src=\"https:\/\/obsdoc.ca\/wp-content\/uploads\/2015\/09\/membres-aqpm.png\" alt=\"AQPM\" class=\"wp-image-220\" srcset=\"https:\/\/obsdoc.ca\/wp-content\/uploads\/2015\/09\/membres-aqpm.png 390w, https:\/\/obsdoc.ca\/wp-content\/uploads\/2015\/09\/membres-aqpm-150x150.png 150w, https:\/\/obsdoc.ca\/wp-content\/uploads\/2015\/09\/membres-aqpm-300x300.png 300w\" sizes=\"auto, (max-width: 390px) 100vw, 390px\" \/><\/a><figcaption class=\"wp-element-caption\">AQPM<\/figcaption><\/figure>\n\n\n\n<figure class=\"wp-block-image size-large\"><a href=\"https:\/\/aqtis514iatse.com\/fr\" target=\"_blank\" rel=\" noreferrer noopener\"><img loading=\"lazy\" decoding=\"async\" width=\"1024\" height=\"1024\" src=\"https:\/\/obsdoc.ca\/wp-content\/uploads\/2021\/01\/AQTIS_K_EN-copie-1024x1024.png\" alt=\"AQTIS\" class=\"wp-image-2376\" srcset=\"https:\/\/obsdoc.ca\/wp-content\/uploads\/2021\/01\/AQTIS_K_EN-copie-1024x1024.png 1024w, https:\/\/obsdoc.ca\/wp-content\/uploads\/2021\/01\/AQTIS_K_EN-copie-300x300.png 300w, https:\/\/obsdoc.ca\/wp-content\/uploads\/2021\/01\/AQTIS_K_EN-copie-150x150.png 150w, https:\/\/obsdoc.ca\/wp-content\/uploads\/2021\/01\/AQTIS_K_EN-copie-768x768.png 768w, https:\/\/obsdoc.ca\/wp-content\/uploads\/2021\/01\/AQTIS_K_EN-copie-1536x1536.png 1536w, https:\/\/obsdoc.ca\/wp-content\/uploads\/2021\/01\/AQTIS_K_EN-copie-2048x2048.png 2048w, https:\/\/obsdoc.ca\/wp-content\/uploads\/2021\/01\/AQTIS_K_EN-copie-390x390.png 390w\" sizes=\"auto, (max-width: 1024px) 100vw, 1024px\" \/><\/a><figcaption class=\"wp-element-caption\">AQTIS<\/figcaption><\/figure>\n\n\n\n<figure class=\"wp-block-image size-full\"><a href=\"https:\/\/reals.quebec\" target=\"_blank\" rel=\" noreferrer noopener\"><img loading=\"lazy\" decoding=\"async\" width=\"390\" height=\"390\" src=\"https:\/\/obsdoc.ca\/wp-content\/uploads\/2015\/09\/membres-arrq.png\" alt=\"ARRQ\" class=\"wp-image-216\" srcset=\"https:\/\/obsdoc.ca\/wp-content\/uploads\/2015\/09\/membres-arrq.png 390w, https:\/\/obsdoc.ca\/wp-content\/uploads\/2015\/09\/membres-arrq-150x150.png 150w, https:\/\/obsdoc.ca\/wp-content\/uploads\/2015\/09\/membres-arrq-300x300.png 300w\" sizes=\"auto, (max-width: 390px) 100vw, 390px\" \/><\/a><figcaption class=\"wp-element-caption\">ARRQ<\/figcaption><\/figure>\n\n\n\n<figure class=\"wp-block-image size-full\"><a href=\"https:\/\/obsdoc.ca\/wp-content\/uploads\/2015\/09\/membres-doc2.png\" target=\"_blank\" rel=\" noreferrer noopener\"><img loading=\"lazy\" decoding=\"async\" width=\"390\" height=\"390\" src=\"https:\/\/obsdoc.ca\/wp-content\/uploads\/2015\/09\/membres-doc2.png\" alt=\"DOC\" class=\"wp-image-1460\" srcset=\"https:\/\/obsdoc.ca\/wp-content\/uploads\/2015\/09\/membres-doc2.png 390w, https:\/\/obsdoc.ca\/wp-content\/uploads\/2015\/09\/membres-doc2-150x150.png 150w, https:\/\/obsdoc.ca\/wp-content\/uploads\/2015\/09\/membres-doc2-300x300.png 300w\" sizes=\"auto, (max-width: 390px) 100vw, 390px\" \/><\/a><figcaption class=\"wp-element-caption\">DOC<\/figcaption><\/figure>\n\n\n\n<figure class=\"wp-block-image size-full\"><a href=\"https:\/\/www.rdifq.ca\" target=\"_blank\" rel=\" noreferrer noopener\"><img loading=\"lazy\" decoding=\"async\" width=\"600\" height=\"600\" src=\"https:\/\/obsdoc.ca\/wp-content\/uploads\/2021\/01\/logo-rdifq.jpg\" alt=\"RDIFQ\" class=\"wp-image-2022\" srcset=\"https:\/\/obsdoc.ca\/wp-content\/uploads\/2021\/01\/logo-rdifq.jpg 600w, https:\/\/obsdoc.ca\/wp-content\/uploads\/2021\/01\/logo-rdifq-300x300.jpg 300w, https:\/\/obsdoc.ca\/wp-content\/uploads\/2021\/01\/logo-rdifq-150x150.jpg 150w, https:\/\/obsdoc.ca\/wp-content\/uploads\/2021\/01\/logo-rdifq-390x390.jpg 390w\" sizes=\"auto, (max-width: 600px) 100vw, 600px\" \/><\/a><figcaption class=\"wp-element-caption\">RDIFQ<\/figcaption><\/figure>\n\n\n\n<figure class=\"wp-block-image size-full\"><a href=\"https:\/\/obsdoc.ca\/wp-content\/uploads\/2015\/09\/membres-onf.png\" target=\"_blank\" rel=\" noreferrer noopener\"><img loading=\"lazy\" decoding=\"async\" width=\"390\" height=\"390\" src=\"https:\/\/obsdoc.ca\/wp-content\/uploads\/2015\/09\/membres-onf.png\" alt=\"ONF\" class=\"wp-image-204\" srcset=\"https:\/\/obsdoc.ca\/wp-content\/uploads\/2015\/09\/membres-onf.png 390w, https:\/\/obsdoc.ca\/wp-content\/uploads\/2015\/09\/membres-onf-150x150.png 150w, https:\/\/obsdoc.ca\/wp-content\/uploads\/2015\/09\/membres-onf-300x300.png 300w\" sizes=\"auto, (max-width: 390px) 100vw, 390px\" \/><\/a><figcaption class=\"wp-element-caption\">ONF<\/figcaption><\/figure>\n\n\n\n<figure class=\"wp-block-image size-full\"><a href=\"https:\/\/www.dgc.ca\/fr\" target=\"_blank\" rel=\" noreferrer noopener\"><img loading=\"lazy\" decoding=\"async\" width=\"390\" height=\"390\" src=\"https:\/\/obsdoc.ca\/wp-content\/uploads\/2015\/09\/membres-guilde2.png\" alt=\"DGC\" class=\"wp-image-1463\" srcset=\"https:\/\/obsdoc.ca\/wp-content\/uploads\/2015\/09\/membres-guilde2.png 390w, https:\/\/obsdoc.ca\/wp-content\/uploads\/2015\/09\/membres-guilde2-150x150.png 150w, https:\/\/obsdoc.ca\/wp-content\/uploads\/2015\/09\/membres-guilde2-300x300.png 300w\" sizes=\"auto, (max-width: 390px) 100vw, 390px\" \/><\/a><figcaption class=\"wp-element-caption\">DGC<\/figcaption><\/figure>\n\n\n\n<figure class=\"wp-block-image size-full\"><a href=\"https:\/\/ridm.ca\/fr\" target=\"_blank\" rel=\" noreferrer noopener\"><img loading=\"lazy\" decoding=\"async\" width=\"390\" height=\"390\" src=\"https:\/\/obsdoc.ca\/wp-content\/uploads\/2015\/09\/membres-ridm1.png\" alt=\"RIDM\" class=\"wp-image-202\" srcset=\"https:\/\/obsdoc.ca\/wp-content\/uploads\/2015\/09\/membres-ridm1.png 390w, https:\/\/obsdoc.ca\/wp-content\/uploads\/2015\/09\/membres-ridm1-150x150.png 150w, https:\/\/obsdoc.ca\/wp-content\/uploads\/2015\/09\/membres-ridm1-300x300.png 300w\" sizes=\"auto, (max-width: 390px) 100vw, 390px\" \/><\/a><figcaption class=\"wp-element-caption\">RIDM<\/figcaption><\/figure>\n\n\n\n<figure class=\"wp-block-image size-full wp-container-content-e21c7fd2\"><a href=\"https:\/\/sartec.qc.ca\" target=\"_blank\" rel=\" noreferrer noopener\"><img loading=\"lazy\" decoding=\"async\" width=\"390\" height=\"390\" src=\"https:\/\/obsdoc.ca\/wp-content\/uploads\/2015\/09\/membres-sartec2.png\" alt=\"SARTEC\" class=\"wp-image-1466\" srcset=\"https:\/\/obsdoc.ca\/wp-content\/uploads\/2015\/09\/membres-sartec2.png 390w, https:\/\/obsdoc.ca\/wp-content\/uploads\/2015\/09\/membres-sartec2-150x150.png 150w, https:\/\/obsdoc.ca\/wp-content\/uploads\/2015\/09\/membres-sartec2-300x300.png 300w\" sizes=\"auto, (max-width: 390px) 100vw, 390px\" \/><\/a><figcaption class=\"wp-element-caption\">SARTEC<\/figcaption><\/figure>\n\n\n\n<figure class=\"wp-block-image size-full\"><a href=\"https:\/\/www.spira.quebec\" target=\"_blank\" rel=\" noreferrer noopener\"><img loading=\"lazy\" decoding=\"async\" width=\"390\" height=\"390\" src=\"https:\/\/obsdoc.ca\/wp-content\/uploads\/2018\/04\/membres-spira.png\" alt=\"SPIRA\" class=\"wp-image-1528\" srcset=\"https:\/\/obsdoc.ca\/wp-content\/uploads\/2018\/04\/membres-spira.png 390w, https:\/\/obsdoc.ca\/wp-content\/uploads\/2018\/04\/membres-spira-150x150.png 150w, https:\/\/obsdoc.ca\/wp-content\/uploads\/2018\/04\/membres-spira-300x300.png 300w\" sizes=\"auto, (max-width: 390px) 100vw, 390px\" \/><\/a><figcaption class=\"wp-element-caption\">SPIRA<\/figcaption><\/figure>\n\n\n\n<figure class=\"wp-block-image size-full\"><a href=\"https:\/\/ici.radio-canada.ca\" target=\"_blank\" rel=\" noreferrer noopener\"><img loading=\"lazy\" decoding=\"async\" width=\"390\" height=\"390\" src=\"https:\/\/obsdoc.ca\/wp-content\/uploads\/2015\/09\/membres-SRC.png\" alt=\"Soci\u00e9t\u00e9 Radio-Canada\" class=\"wp-image-197\" srcset=\"https:\/\/obsdoc.ca\/wp-content\/uploads\/2015\/09\/membres-SRC.png 390w, https:\/\/obsdoc.ca\/wp-content\/uploads\/2015\/09\/membres-SRC-150x150.png 150w, https:\/\/obsdoc.ca\/wp-content\/uploads\/2015\/09\/membres-SRC-300x300.png 300w\" sizes=\"auto, (max-width: 390px) 100vw, 390px\" \/><\/a><figcaption class=\"wp-element-caption\">Soci\u00e9t\u00e9 Radio-Canada<\/figcaption><\/figure>\n\n\n\n<figure class=\"wp-block-image size-full\"><a href=\"https:\/\/www.telequebec.tv\/\" target=\"_blank\" rel=\" noreferrer noopener\"><img loading=\"lazy\" decoding=\"async\" width=\"390\" height=\"390\" src=\"https:\/\/obsdoc.ca\/wp-content\/uploads\/2015\/09\/membres-TQ2.png\" alt=\"T\u00e9l\u00e9-Qu\u00e9bec\" class=\"wp-image-1468\" srcset=\"https:\/\/obsdoc.ca\/wp-content\/uploads\/2015\/09\/membres-TQ2.png 390w, https:\/\/obsdoc.ca\/wp-content\/uploads\/2015\/09\/membres-TQ2-150x150.png 150w, https:\/\/obsdoc.ca\/wp-content\/uploads\/2015\/09\/membres-TQ2-300x300.png 300w\" sizes=\"auto, (max-width: 390px) 100vw, 390px\" \/><\/a><figcaption class=\"wp-element-caption\">T\u00e9l\u00e9-Qu\u00e9bec<\/figcaption><\/figure>\n\n\n\n<figure class=\"wp-block-image size-full\"><a href=\"https:\/\/www.tv5unis.ca\" target=\"_blank\" rel=\" noreferrer noopener\"><img loading=\"lazy\" decoding=\"async\" width=\"600\" height=\"600\" src=\"https:\/\/obsdoc.ca\/wp-content\/uploads\/2021\/01\/tv5-logo.jpg\" alt=\"TV5Unis\" class=\"wp-image-2041\" srcset=\"https:\/\/obsdoc.ca\/wp-content\/uploads\/2021\/01\/tv5-logo.jpg 600w, https:\/\/obsdoc.ca\/wp-content\/uploads\/2021\/01\/tv5-logo-300x300.jpg 300w, https:\/\/obsdoc.ca\/wp-content\/uploads\/2021\/01\/tv5-logo-150x150.jpg 150w, https:\/\/obsdoc.ca\/wp-content\/uploads\/2021\/01\/tv5-logo-390x390.jpg 390w\" sizes=\"auto, (max-width: 600px) 100vw, 600px\" \/><\/a><figcaption class=\"wp-element-caption\">TV5Unis<\/figcaption><\/figure>\n\n\n\n<figure class=\"wp-block-image size-full\"><a href=\"https:\/\/www.tfo.org\" target=\"_blank\" rel=\" noreferrer noopener\"><img loading=\"lazy\" decoding=\"async\" width=\"388\" height=\"388\" src=\"https:\/\/obsdoc.ca\/wp-content\/uploads\/2024\/02\/membres-TFO.jpg\" alt=\"TFO\" class=\"wp-image-2598\" srcset=\"https:\/\/obsdoc.ca\/wp-content\/uploads\/2024\/02\/membres-TFO.jpg 388w, https:\/\/obsdoc.ca\/wp-content\/uploads\/2024\/02\/membres-TFO-300x300.jpg 300w, https:\/\/obsdoc.ca\/wp-content\/uploads\/2024\/02\/membres-TFO-150x150.jpg 150w\" sizes=\"auto, (max-width: 388px) 100vw, 388px\" \/><\/a><figcaption class=\"wp-element-caption\">TFO<\/figcaption><\/figure>\n<\/div>\n","protected":false},"excerpt":{"rendered":"<p>L\u2019Observatoire du documentaire regroupe les principales associations audiovisuelles professionnelles, ainsi que les institutions, diffuseurs et distributeurs concern\u00e9s par le documentaire, au Qu\u00e9bec et au Canada.<\/p>\n","protected":false},"author":1,"featured_media":0,"parent":0,"menu_order":0,"comment_status":"closed","ping_status":"closed","template":"","meta":{"nf_dc_page":"","footnotes":""},"class_list":["post-1352","page","type-page","status-publish","hentry"],"_links":{"self":[{"href":"https:\/\/obsdoc.ca\/en\/wp-json\/wp\/v2\/pages\/1352","targetHints":{"allow":["GET"]}}],"collection":[{"href":"https:\/\/obsdoc.ca\/en\/wp-json\/wp\/v2\/pages"}],"about":[{"href":"https:\/\/obsdoc.ca\/en\/wp-json\/wp\/v2\/types\/page"}],"author":[{"embeddable":true,"href":"https:\/\/obsdoc.ca\/en\/wp-json\/wp\/v2\/users\/1"}],"replies":[{"embeddable":true,"href":"https:\/\/obsdoc.ca\/en\/wp-json\/wp\/v2\/comments?post=1352"}],"version-history":[{"count":25,"href":"https:\/\/obsdoc.ca\/en\/wp-json\/wp\/v2\/pages\/1352\/revisions"}],"predecessor-version":[{"id":2971,"href":"https:\/\/obsdoc.ca\/en\/wp-json\/wp\/v2\/pages\/1352\/revisions\/2971"}],"wp:attachment":[{"href":"https:\/\/obsdoc.ca\/en\/wp-json\/wp\/v2\/media?parent=1352"}],"curies":[{"name":"wp","href":"https:\/\/api.w.org\/{rel}","templated":true}]}}